{"id":14,"date":"2022-09-22T10:25:40","date_gmt":"2022-09-22T10:25:40","guid":{"rendered":"https:\/\/brain-rdc.org\/index.php\/our-services\/"},"modified":"2023-02-15T11:17:51","modified_gmt":"2023-02-15T11:17:51","slug":"offres","status":"publish","type":"page","link":"https:\/\/brain-rdc.org\/index.php\/offres\/","title":{"rendered":"nos-offres"},"content":{"rendered":"\t\t<div data-elementor-type=\"wp-page\" data-elementor-id=\"14\" class=\"elementor elementor-14\">\n\t\t\t\t\t\t<section class=\"elementor-section elementor-top-section elementor-element elementor-element-e0fd0a1 elementor-section-height-min-height elementor-section-boxed elementor-section-height-default elementor-section-items-middle wpr-particle-no wpr-jarallax-no wpr-parallax-no wpr-sticky-section-no\" data-id=\"e0fd0a1\" data-element_type=\"section\" data-e-type=\"section\" data-settings=\"{&quot;background_background&quot;:&quot;classic&quot;}\">\n\t\t\t\t\t\t<div class=\"elementor-container elementor-column-gap-default\">\n\t\t\t\t\t<div class=\"elementor-column elementor-col-100 elementor-top-column elementor-element elementor-element-170379e\" data-id=\"170379e\" data-element_type=\"column\" data-e-type=\"column\">\n\t\t\t<div class=\"elementor-widget-wrap\">\n\t\t\t\t\t\t\t<\/div>\n\t\t<\/div>\n\t\t\t\t\t<\/div>\n\t\t<\/section>\n\t\t\t\t<section class=\"elementor-section elementor-top-section elementor-element elementor-element-66a56f7 elementor-section-boxed elementor-section-height-default elementor-section-height-default wpr-particle-no wpr-jarallax-no wpr-parallax-no wpr-sticky-section-no\" data-id=\"66a56f7\" data-element_type=\"section\" data-e-type=\"section\">\n\t\t\t\t\t\t<div class=\"elementor-container elementor-column-gap-default\">\n\t\t\t\t\t<div class=\"elementor-column elementor-col-100 elementor-top-column elementor-element elementor-element-52f4a7b\" data-id=\"52f4a7b\" data-element_type=\"column\" data-e-type=\"column\">\n\t\t\t<div class=\"elementor-widget-wrap elementor-element-populated\">\n\t\t\t\t\t\t<div class=\"elementor-element elementor-element-5582945 elementor-widget elementor-widget-heading\" data-id=\"5582945\" data-element_type=\"widget\" data-e-type=\"widget\" data-widget_type=\"heading.default\">\n\t\t\t\t<div class=\"elementor-widget-container\">\n\t\t\t\t\t<h2 class=\"elementor-heading-title elementor-size-default\">CE QUE NOUS FAISONS AVEC VOUS ET POUR VOUS\u2026<\/h2>\t\t\t\t<\/div>\n\t\t\t\t<\/div>\n\t\t\t\t<div class=\"elementor-element elementor-element-2565acf elementor-invisible elementor-widget elementor-widget-text-editor\" data-id=\"2565acf\" data-element_type=\"widget\" data-e-type=\"widget\" data-settings=\"{&quot;_animation&quot;:&quot;fadeInUp&quot;}\" data-widget_type=\"text-editor.default\">\n\t\t\t\t<div class=\"elementor-widget-container\">\n\t\t\t\t\t\t\t\t\t<p>Nous proc\u00e9dons, avant tout autre chose, \u00e0 une analyse de perception de l\u2019image de l\u2019entreprise et de ses activit\u00e9s dans son milieu au regard des grands enjeux de la responsabilit\u00e9 soci\u00e9tale.<\/p><p>L\u2019objectif est de\u00a0repenser votre positionnement dans votre communaut\u00e9 et de b\u00e2tir ensemble un plan d\u2019action r\u00e9aliste articul\u00e9\u00a0autour\u00a0d\u2019informations claires, pr\u00e9cises et v\u00e9rifiables, mais \u00e9galement respectueuses des parties prenantes, et en ligne avec votre strat\u00e9gie RSE.<\/p>\t\t\t\t\t\t\t\t<\/div>\n\t\t\t\t<\/div>\n\t\t\t\t\t<\/div>\n\t\t<\/div>\n\t\t\t\t\t<\/div>\n\t\t<\/section>\n\t\t\t\t<section class=\"elementor-section elementor-top-section elementor-element elementor-element-ebe28fa elementor-section-boxed elementor-section-height-default elementor-section-height-default wpr-particle-no wpr-jarallax-no wpr-parallax-no wpr-sticky-section-no\" data-id=\"ebe28fa\" data-element_type=\"section\" data-e-type=\"section\">\n\t\t\t\t\t\t<div class=\"elementor-container elementor-column-gap-default\">\n\t\t\t\t\t<div class=\"elementor-column elementor-col-33 elementor-top-column elementor-element elementor-element-1fb55da\" data-id=\"1fb55da\" data-element_type=\"column\" data-e-type=\"column\">\n\t\t\t<div class=\"elementor-widget-wrap elementor-element-populated\">\n\t\t\t\t\t\t<div class=\"elementor-element elementor-element-8a311bc elementor-invisible elementor-widget elementor-widget-image\" data-id=\"8a311bc\" data-element_type=\"widget\" data-e-type=\"widget\" data-settings=\"{&quot;_animation&quot;:&quot;fadeInLeft&quot;}\" data-widget_type=\"image.default\">\n\t\t\t\t<div class=\"elementor-widget-container\">\n\t\t\t\t\t\t\t\t\t\t\t\t\t\t\t<img fetchpriority=\"high\" decoding=\"async\" width=\"322\" height=\"493\" src=\"https:\/\/brain-rdc.org\/wp-content\/uploads\/2022\/09\/3.png\" class=\"attachment-large size-large wp-image-412\" alt=\"\" srcset=\"https:\/\/brain-rdc.org\/wp-content\/uploads\/2022\/09\/3.png 322w, https:\/\/brain-rdc.org\/wp-content\/uploads\/2022\/09\/3-196x300.png 196w\" sizes=\"(max-width: 322px) 100vw, 322px\" \/>\t\t\t\t\t\t\t\t\t\t\t\t\t\t\t<\/div>\n\t\t\t\t<\/div>\n\t\t\t\t\t<\/div>\n\t\t<\/div>\n\t\t\t\t<div class=\"elementor-column elementor-col-33 elementor-top-column elementor-element elementor-element-a0f7b91\" data-id=\"a0f7b91\" data-element_type=\"column\" data-e-type=\"column\">\n\t\t\t<div class=\"elementor-widget-wrap elementor-element-populated\">\n\t\t\t\t\t\t<div class=\"elementor-element elementor-element-c62f244 elementor-invisible elementor-widget elementor-widget-image\" data-id=\"c62f244\" data-element_type=\"widget\" data-e-type=\"widget\" data-settings=\"{&quot;_animation&quot;:&quot;fadeInLeft&quot;}\" data-widget_type=\"image.default\">\n\t\t\t\t<div class=\"elementor-widget-container\">\n\t\t\t\t\t\t\t\t\t\t\t\t\t\t\t<img decoding=\"async\" width=\"322\" height=\"493\" src=\"https:\/\/brain-rdc.org\/wp-content\/uploads\/2022\/09\/Eau.png\" class=\"attachment-large size-large wp-image-278\" alt=\"\" srcset=\"https:\/\/brain-rdc.org\/wp-content\/uploads\/2022\/09\/Eau.png 322w, https:\/\/brain-rdc.org\/wp-content\/uploads\/2022\/09\/Eau-196x300.png 196w\" sizes=\"(max-width: 322px) 100vw, 322px\" \/>\t\t\t\t\t\t\t\t\t\t\t\t\t\t\t<\/div>\n\t\t\t\t<\/div>\n\t\t\t\t\t<\/div>\n\t\t<\/div>\n\t\t\t\t<div class=\"elementor-column elementor-col-33 elementor-top-column elementor-element elementor-element-0bc36af\" data-id=\"0bc36af\" data-element_type=\"column\" data-e-type=\"column\">\n\t\t\t<div class=\"elementor-widget-wrap elementor-element-populated\">\n\t\t\t\t\t\t<div class=\"elementor-element elementor-element-55ade7a elementor-invisible elementor-widget elementor-widget-image\" data-id=\"55ade7a\" data-element_type=\"widget\" data-e-type=\"widget\" data-settings=\"{&quot;_animation&quot;:&quot;fadeInRight&quot;}\" data-widget_type=\"image.default\">\n\t\t\t\t<div class=\"elementor-widget-container\">\n\t\t\t\t\t\t\t\t\t\t\t\t\t\t\t<img decoding=\"async\" width=\"322\" height=\"493\" src=\"https:\/\/brain-rdc.org\/wp-content\/uploads\/2022\/09\/group-african-kids-paying-attention-class_23-21488925162.png\" class=\"attachment-large size-large wp-image-277\" alt=\"\" srcset=\"https:\/\/brain-rdc.org\/wp-content\/uploads\/2022\/09\/group-african-kids-paying-attention-class_23-21488925162.png 322w, https:\/\/brain-rdc.org\/wp-content\/uploads\/2022\/09\/group-african-kids-paying-attention-class_23-21488925162-196x300.png 196w\" sizes=\"(max-width: 322px) 100vw, 322px\" \/>\t\t\t\t\t\t\t\t\t\t\t\t\t\t\t<\/div>\n\t\t\t\t<\/div>\n\t\t\t\t\t<\/div>\n\t\t<\/div>\n\t\t\t\t\t<\/div>\n\t\t<\/section>\n\t\t\t\t<section class=\"elementor-section elementor-top-section elementor-element elementor-element-54922cc elementor-section-boxed elementor-section-height-default elementor-section-height-default wpr-particle-no wpr-jarallax-no wpr-parallax-no wpr-sticky-section-no\" data-id=\"54922cc\" data-element_type=\"section\" data-e-type=\"section\">\n\t\t\t\t\t\t<div class=\"elementor-container elementor-column-gap-default\">\n\t\t\t\t\t<div class=\"elementor-column elementor-col-100 elementor-top-column elementor-element elementor-element-b90dcc2\" data-id=\"b90dcc2\" data-element_type=\"column\" data-e-type=\"column\">\n\t\t\t<div class=\"elementor-widget-wrap\">\n\t\t\t\t\t\t\t<\/div>\n\t\t<\/div>\n\t\t\t\t\t<\/div>\n\t\t<\/section>\n\t\t\t\t<section class=\"elementor-section elementor-top-section elementor-element elementor-element-1ee4adf3 elementor-section-boxed elementor-section-height-default elementor-section-height-default wpr-particle-no wpr-jarallax-no wpr-parallax-no wpr-sticky-section-no\" data-id=\"1ee4adf3\" data-element_type=\"section\" data-e-type=\"section\" id=\"xs_cta_style_16\">\n\t\t\t\t\t\t<div class=\"elementor-container elementor-column-gap-default\">\n\t\t\t\t\t<div class=\"elementor-column elementor-col-100 elementor-top-column elementor-element elementor-element-2a233331\" data-id=\"2a233331\" data-element_type=\"column\" data-e-type=\"column\">\n\t\t\t<div class=\"elementor-widget-wrap elementor-element-populated\">\n\t\t\t\t\t\t<div class=\"elementor-element elementor-element-bd901c5 elementor-invisible elementor-widget elementor-widget-heading\" data-id=\"bd901c5\" data-element_type=\"widget\" data-e-type=\"widget\" data-settings=\"{&quot;_animation&quot;:&quot;fadeIn&quot;}\" data-widget_type=\"heading.default\">\n\t\t\t\t<div class=\"elementor-widget-container\">\n\t\t\t\t\t<h2 class=\"elementor-heading-title elementor-size-default\">VOS ENJEUX <\/h2>\t\t\t\t<\/div>\n\t\t\t\t<\/div>\n\t\t\t\t<section class=\"elementor-section elementor-inner-section elementor-element elementor-element-364ca55f elementor-section-full_width elementor-section-height-default elementor-section-height-default wpr-particle-no wpr-jarallax-no wpr-parallax-no wpr-sticky-section-no elementor-invisible\" data-id=\"364ca55f\" data-element_type=\"section\" data-e-type=\"section\" data-settings=\"{&quot;animation&quot;:&quot;fadeInRight&quot;}\">\n\t\t\t\t\t\t<div class=\"elementor-container elementor-column-gap-default\">\n\t\t\t\t\t<div class=\"elementor-column elementor-col-50 elementor-inner-column elementor-element elementor-element-21be158c\" data-id=\"21be158c\" data-element_type=\"column\" data-e-type=\"column\">\n\t\t\t<div class=\"elementor-widget-wrap elementor-element-populated\">\n\t\t\t\t\t\t<div class=\"elementor-element elementor-element-d2c0425 elementor-widget elementor-widget-text-editor\" data-id=\"d2c0425\" data-element_type=\"widget\" data-e-type=\"widget\" data-widget_type=\"text-editor.default\">\n\t\t\t\t<div class=\"elementor-widget-container\">\n\t\t\t\t\t\t\t\t\t<p>Il ne s\u2019agit pas uniquement pour les entreprises de maximiser leurs profits, mais aussi de r\u00e9pondre aux responsabilit\u00e9s qui leur incombent dans une soci\u00e9t\u00e9 en pleine mutation. Dans un monde qui change perp\u00e9tuellement, La RSE repr\u00e9sente la p\u00e9rennit\u00e9 de l\u2019Entreprise. L\u2019image et l\u2019empreinte que laisse votre entreprise au sein de la soci\u00e9t\u00e9 garantissent sur le long terme la sant\u00e9 de votre entreprise et de vos activit\u00e9s. L\u2019entreprise responsable se pr\u00e9occupe \u00e0 maintenir les \u00e9quilibres dans l\u2019int\u00e9r\u00eat <strong>des g\u00e9n\u00e9rations futures.<\/strong><\/p><p>\u00a0Les enjeux de l\u2019entreprise du XXIe si\u00e8cle en termes de responsabilit\u00e9 consiste \u00e0 \u0153uvrer au plus pr\u00e8s des collaborateurs, \u00e0 renforcer ses relations avec les clients et fournisseurs et \u00e0 tenir compte du bien-\u00eatre et des besoins des communaut\u00e9s proches des zones d\u2019exploitation.<\/p><p>En tant que Cabinet Conseil, notre r\u00f4le consiste \u00e0 assister les organisations, particuli\u00e8rement les entreprises dans l\u2019appr\u00e9hension de leur responsabilit\u00e9 soci\u00e9tale, et de les accompagner afin d\u2019agir au mieux de leurs valeurs et de leurs responsabilit\u00e9s.<\/p>\t\t\t\t\t\t\t\t<\/div>\n\t\t\t\t<\/div>\n\t\t\t\t\t<\/div>\n\t\t<\/div>\n\t\t\t\t<div class=\"elementor-column elementor-col-50 elementor-inner-column elementor-element elementor-element-1f2fbbf1\" data-id=\"1f2fbbf1\" data-element_type=\"column\" data-e-type=\"column\">\n\t\t\t<div class=\"elementor-widget-wrap\">\n\t\t\t\t\t\t\t<\/div>\n\t\t<\/div>\n\t\t\t\t\t<\/div>\n\t\t<\/section>\n\t\t\t\t\t<\/div>\n\t\t<\/div>\n\t\t\t\t\t<\/div>\n\t\t<\/section>\n\t\t\t\t<\/div>\n\t\t","protected":false},"excerpt":{"rendered":"<p>CE QUE NOUS FAISONS AVEC VOUS ET POUR VOUS\u2026 Nous proc\u00e9dons, avant tout autre chose, \u00e0 une analyse de perception de l\u2019image de l\u2019entreprise et de ses activit\u00e9s dans son milieu au regard des grands enjeux de la responsabilit\u00e9 soci\u00e9tale. L\u2019objectif est de&nbsp;repenser votre positionnement dans votre communaut\u00e9 et de b\u00e2tir ensemble un plan d\u2019action r\u00e9aliste articul\u00e9&nbsp;autour&nbsp;d\u2019informations claires, pr\u00e9cises et v\u00e9rifiables, mais \u00e9galement respectueuses des parties prenantes, et en ligne avec votre strat\u00e9gie RSE. 1. Identifier vos parties prenantes et leurs attentes Nous vous aidons \u00e0 identifier vos parties prenantes et \u00e0 d\u00e9finir une politique RSE efficace et durable tout en conciliant performance \u00e9conomique et responsabilit\u00e9 sociale. 2. \u00c9valuer les besoins r\u00e9els de vos communaut\u00e9s Par des enqu\u00eates sociales et des observations approfondies, nous d\u00e9gageons les besoins r\u00e9els des communaut\u00e9s qui vous environnent. Brain Consulting joue le relais entre les entreprises invit\u00e9es \u00e0 assumer les devoirs soci\u00e9taux et les communaut\u00e9s b\u00e9n\u00e9ficiaires. 3. Formaliser votre cahier des charges, d\u00e9ployer &amp; piloter votre plan d\u2019action Nous garantissons la prise en compte des besoins r\u00e9els et des priorit\u00e9s de vos communaut\u00e9s dans l\u2019\u00e9laboration de vos cahiers des charges. Nous vous assistons \u00e9galement dans le d\u00e9ploiement ainsi que le pilotage de vos plans d\u2019action, afin de susciter un impact durable au sein de vos communaut\u00e9s. 4. Recadrer et redimensionner vos actions sociales Brain Consulting \u00e9vite aux organisations d\u2019adopter des cahiers des charges irr\u00e9alistes, d\u2019amorcer des projets budg\u00e9tivores et sans impact visible ni durable. Nous vous aidons \u00e0 toucher directement les c\u0153urs de vos communaut\u00e9s. 5. Optimiser vos ressources destin\u00e9es aux besoins de vos communaut\u00e9s Grace \u00e0 nos enqu\u00eates sociales, nous garantissons la pertinence et l\u2019efficacit\u00e9 des actions que d\u00e9ploient nos partenaires. Nous permettons aux organisations de passer \u00e0 l\u2019essentiel en poss\u00e9dant en amont les informations utiles quant \u00e0 l\u2019affectation optimale des ressources destin\u00e9es aux actions sociales. 6. Communiquer et Mesurer l\u2019impact de vos actions Nous mettons en avant vos prouesses et mesurons l\u2019impact de vos actions aupr\u00e8s des entit\u00e9s b\u00e9n\u00e9ficiaires. VOS ENJEUX Comme vous le savez, il est beaucoup plus avantageux pour vous de b\u00e2tir votre organisation autour d\u2019un mod\u00e8le \u00e9conomique inclusif et contributif \u00e0 l\u2019am\u00e9lioration des conditions socio-\u00e9conomiques de toutes vos parties prenantes. Il ne s\u2019agit pas uniquement pour les entreprises de maximiser leurs profits, mais aussi de r\u00e9pondre aux responsabilit\u00e9s qui leur incombent dans une soci\u00e9t\u00e9 en pleine mutation. Dans un monde qui change perp\u00e9tuellement, La RSE repr\u00e9sente la p\u00e9rennit\u00e9 de l\u2019Entreprise. L\u2019image et l\u2019empreinte que laisse votre entreprise au sein de la soci\u00e9t\u00e9 garantissent sur le long terme la sant\u00e9 de votre entreprise et de vos activit\u00e9s. L\u2019entreprise responsable se pr\u00e9occupe \u00e0 maintenir les \u00e9quilibres dans l\u2019int\u00e9r\u00eat des g\u00e9n\u00e9rations futures. &nbsp;Les enjeux de l\u2019entreprise du XXIe si\u00e8cle en termes de responsabilit\u00e9 consiste \u00e0 \u0153uvrer au plus pr\u00e8s des collaborateurs, \u00e0 renforcer ses relations avec les clients et fournisseurs et \u00e0 tenir compte du bien-\u00eatre et des besoins des communaut\u00e9s proches des zones d\u2019exploitation. En tant que Cabinet Conseil, notre r\u00f4le consiste \u00e0 assister les organisations, particuli\u00e8rement les entreprises dans l\u2019appr\u00e9hension de leur responsabilit\u00e9 soci\u00e9tale, et de les accompagner afin d\u2019agir au mieux de leurs valeurs et de leurs responsabilit\u00e9s. Ecrivez-nous<\/p>\n","protected":false},"author":1,"featured_media":0,"parent":0,"menu_order":0,"comment_status":"closed","ping_status":"closed","template":"elementor_header_footer","meta":{"footnotes":""},"class_list":["post-14","page","type-page","status-publish","hentry"],"_links":{"self":[{"href":"https:\/\/brain-rdc.org\/index.php\/wp-json\/wp\/v2\/pages\/14","targetHints":{"allow":["GET"]}}],"collection":[{"href":"https:\/\/brain-rdc.org\/index.php\/wp-json\/wp\/v2\/pages"}],"about":[{"href":"https:\/\/brain-rdc.org\/index.php\/wp-json\/wp\/v2\/types\/page"}],"author":[{"embeddable":true,"href":"https:\/\/brain-rdc.org\/index.php\/wp-json\/wp\/v2\/users\/1"}],"replies":[{"embeddable":true,"href":"https:\/\/brain-rdc.org\/index.php\/wp-json\/wp\/v2\/comments?post=14"}],"version-history":[{"count":95,"href":"https:\/\/brain-rdc.org\/index.php\/wp-json\/wp\/v2\/pages\/14\/revisions"}],"predecessor-version":[{"id":633,"href":"https:\/\/brain-rdc.org\/index.php\/wp-json\/wp\/v2\/pages\/14\/revisions\/633"}],"wp:attachment":[{"href":"https:\/\/brain-rdc.org\/index.php\/wp-json\/wp\/v2\/media?parent=14"}],"curies":[{"name":"wp","href":"https:\/\/api.w.org\/{rel}","templated":true}]}}