{"id":634,"date":"2023-01-30T08:54:39","date_gmt":"2023-01-30T08:54:39","guid":{"rendered":"https:\/\/brain-rdc.org\/?page_id=634"},"modified":"2024-07-18T09:43:43","modified_gmt":"2024-07-18T09:43:43","slug":"notre-equipe","status":"publish","type":"page","link":"https:\/\/brain-rdc.org\/index.php\/notre-equipe\/","title":{"rendered":"Notre Equipe"},"content":{"rendered":"\t\t<div data-elementor-type=\"wp-page\" data-elementor-id=\"634\" class=\"elementor elementor-634\">\n\t\t\t\t\t\t<section class=\"elementor-section elementor-top-section elementor-element elementor-element-7b85130 elementor-section-boxed elementor-section-height-default elementor-section-height-default wpr-particle-no wpr-jarallax-no wpr-parallax-no wpr-sticky-section-no\" data-id=\"7b85130\" data-element_type=\"section\" data-e-type=\"section\">\n\t\t\t\t\t\t<div class=\"elementor-container elementor-column-gap-default\">\n\t\t\t\t\t<div class=\"elementor-column elementor-col-50 elementor-top-column elementor-element elementor-element-6d33976\" data-id=\"6d33976\" data-element_type=\"column\" data-e-type=\"column\">\n\t\t\t<div class=\"elementor-widget-wrap\">\n\t\t\t\t\t\t\t<\/div>\n\t\t<\/div>\n\t\t\t\t<div class=\"elementor-column elementor-col-50 elementor-top-column elementor-element elementor-element-bf0049c\" data-id=\"bf0049c\" data-element_type=\"column\" data-e-type=\"column\">\n\t\t\t<div class=\"elementor-widget-wrap\">\n\t\t\t\t\t\t\t<\/div>\n\t\t<\/div>\n\t\t\t\t\t<\/div>\n\t\t<\/section>\n\t\t\t\t<section class=\"elementor-section elementor-top-section elementor-element elementor-element-eb4f55e elementor-section-boxed elementor-section-height-default elementor-section-height-default wpr-particle-no wpr-jarallax-no wpr-parallax-no wpr-sticky-section-no\" data-id=\"eb4f55e\" data-element_type=\"section\" data-e-type=\"section\">\n\t\t\t\t\t\t<div class=\"elementor-container elementor-column-gap-default\">\n\t\t\t\t\t<div class=\"elementor-column elementor-col-50 elementor-top-column elementor-element elementor-element-3d96439\" data-id=\"3d96439\" data-element_type=\"column\" data-e-type=\"column\">\n\t\t\t<div class=\"elementor-widget-wrap\">\n\t\t\t\t\t\t\t<\/div>\n\t\t<\/div>\n\t\t\t\t<div class=\"elementor-column elementor-col-50 elementor-top-column elementor-element elementor-element-33fe88d\" data-id=\"33fe88d\" data-element_type=\"column\" data-e-type=\"column\">\n\t\t\t<div class=\"elementor-widget-wrap\">\n\t\t\t\t\t\t\t<\/div>\n\t\t<\/div>\n\t\t\t\t\t<\/div>\n\t\t<\/section>\n\t\t\t\t<section class=\"elementor-section elementor-top-section elementor-element elementor-element-c63a4fd elementor-section-boxed elementor-section-height-default elementor-section-height-default wpr-particle-no wpr-jarallax-no wpr-parallax-no wpr-sticky-section-no\" data-id=\"c63a4fd\" data-element_type=\"section\" data-e-type=\"section\">\n\t\t\t\t\t\t<div class=\"elementor-container elementor-column-gap-default\">\n\t\t\t\t\t<div class=\"elementor-column elementor-col-50 elementor-top-column elementor-element elementor-element-a71a11b\" data-id=\"a71a11b\" data-element_type=\"column\" data-e-type=\"column\">\n\t\t\t<div class=\"elementor-widget-wrap\">\n\t\t\t\t\t\t\t<\/div>\n\t\t<\/div>\n\t\t\t\t<div class=\"elementor-column elementor-col-50 elementor-top-column elementor-element elementor-element-dfd9f10\" data-id=\"dfd9f10\" data-element_type=\"column\" data-e-type=\"column\">\n\t\t\t<div class=\"elementor-widget-wrap\">\n\t\t\t\t\t\t\t<\/div>\n\t\t<\/div>\n\t\t\t\t\t<\/div>\n\t\t<\/section>\n\t\t\t\t<\/div>\n\t\t","protected":false},"excerpt":{"rendered":"<p>Auguet Kabwit ASSOCI\u00c9-G\u00c9RANT D\u00e9tenteur d&rsquo;un Master en ing\u00e9nierie financi\u00e8re et gestion des entreprises, il est depuis 2018 Secr\u00e9taire G\u00e9n\u00e9ral Acad\u00e9mique \u00e0 l&rsquo;EcoPo-Lubumbashi. Auguet Kabwit ASSOCI\u00c9-G\u00c9RANT D\u00e9tenteur d&rsquo;un Master en ing\u00e9nierie financi\u00e8re et gestion des entreprises, il est depuis 2018 Secr\u00e9taire G\u00e9n\u00e9ral Acad\u00e9mique \u00e0 l&rsquo;EcoPo-Lubumbashi. Auguet Kabwit est \u00e9galement Chercheur Affili\u00e9 \u00e0 l&rsquo;institut des Entreprises Familiales de l&rsquo;Ecole Sup\u00e9rieure des Sciences Comerciales d&rsquo;Angers (ESSCA), Founder &amp;Chairman de la Family Business Conference, Associ\u00e9-G\u00e9rant de Brain Consulting. Il assume dans quelques institutions d&rsquo;enseignement sup\u00e9rieur dans la ville de Lubumbashi, des cours de strat\u00e9gie et de management&#8230; Il a une exp\u00e9rience dans la conduite du changement, car ayant pilot\u00e9 plusieurs projets de restructuration et dautinomisation \u00e0 la fois pour les asbl ainsi que pour les entreprises priv\u00e9es. Phone:+243\u00a0993\u00a0215\u00a0334 Email:akr@brain-rdc.org Dido Monzube RESPONSABLE ADMINISTRATIF ET FINANCIER Licenci\u00e9 en gestion des Entreprises et Organisations et Jeune Entrepreneur Se tournant dans la formation de la politique RSE des entreprises en RDC. Dido Monzube RESPONSABLE ADMINISTRATIF ET FINANCIER Licenci\u00e9 en gestion des Entreprises et Organisations et Jeune Entrepreneur Se tournant dans la formation de la politique RSE des entreprises en RDC. Email:dido.m@brain-rdc.org Valmy Ilunga Twite RESPONSABLE DES OP\u00c9RATIONS ET D\u00c9VELOPPEMENT D\u00e9tenteur d&rsquo; un bachelor (licence) en Business Administration Valmy Ilunga Twite RESPONSABLE DES OP\u00c9RATIONS ET D\u00c9VELOPPEMENT D\u00e9tenteur d&rsquo; un bachelor ( licence) en Business Administration, d\u00e9tenteur \u00e9galement de plusieurs certificats en project management, risks management, conflict r\u00e9solution etc&#8230;,Valmy est un serial entrepreneur, evoluant \u00e9galement dans le business development de plusieures organisations. Formateur en r\u00e9solution des conflits par la non violence,management syndical. Passionn\u00e9 du developement en capital humain et de la communication. Il s&rsquo;offre \u00e9galement comme Master\u00a0of\u00a0ceremonies. Phone:+243970227165 Email:valmy@brain-rdc.org A.L. Kitenge CONSULTANT Polytechnicien, MBA et Strat\u00e8ge Economique A.L. Kitenge CONSULTANT Expertise de pointe en Gouvernance et Politiques Publiques Entrepreneur en s\u00e9rie, il a pris sa retraite pour se consacrer aux INNOVATIONS SOCIALES. Audry Lubenga CONSULTANT Etudiant en ma\u00eetrise au sein de l\u2019Energy Systems Research Group (ESRG) de l\u2019Universit\u00e9 du Cap. Audry Lubenga CONSULTANT Audry Lubenga est un \u00e9tudiant en ma\u00eetrise au sein de l\u2019Energy Systems Research Group (ESRG) de l\u2019Universit\u00e9 du Cap. Ses recherches portent sur la caract\u00e9risation de la demande actuelle et future d\u2019\u00e9lectricit\u00e9 pour la production de cuivre, de cobalt, de lithium et de batteries lithium-ion (LiB) et leur impact environnemental en R\u00e9publique d\u00e9mocratique du Congo. Il a un int\u00e9r\u00eat particulier pour l\u2019\u00e9nergie durable et d\u00e9veloppement durable dans l\u2019industrie mini\u00e8re. Il est dipl\u00f4m\u00e9 en chimie industrielle de l\u2019Universit\u00e9 de Lubumbashi (UNILU) dans l\u2019ex-province du Katanga, bien connue pour son secteur minier domin\u00e9 par la production de cuivre et de cobalt. Milka Muteb Dipang Responsable P\u00f4le D\u00e9veloppement de Brain Consulting Licenci\u00e9e en gestion des entreprises et des organisations Milka Muteb Dipang Responsable P\u00f4le D\u00e9veloppement de Brain Consulting Milka Muteb Dipang est une femme congolaise n\u00e9e le 5 octobre 2002. Elle a obtenu une licence en gestion des entreprises et des organisations, d\u00e9montrant son int\u00e9r\u00eat pour les pratiques de gestion et les op\u00e9rations commerciales. Milka se lance dans une carri\u00e8re ax\u00e9e sur la responsabilit\u00e9 sociale des entreprises (RSE). Elle s&rsquo;engage \u00e0 promouvoir des pratiques durables et \u00e9thiques au sein des entreprises, encourageant leur contribution positive \u00e0 la soci\u00e9t\u00e9 et \u00e0 l&rsquo;environnement. Phone:+243 977 096 802<\/p>\n","protected":false},"author":1,"featured_media":0,"parent":0,"menu_order":0,"comment_status":"closed","ping_status":"closed","template":"elementor_header_footer","meta":{"footnotes":""},"class_list":["post-634","page","type-page","status-publish","hentry"],"_links":{"self":[{"href":"https:\/\/brain-rdc.org\/index.php\/wp-json\/wp\/v2\/pages\/634","targetHints":{"allow":["GET"]}}],"collection":[{"href":"https:\/\/brain-rdc.org\/index.php\/wp-json\/wp\/v2\/pages"}],"about":[{"href":"https:\/\/brain-rdc.org\/index.php\/wp-json\/wp\/v2\/types\/page"}],"author":[{"embeddable":true,"href":"https:\/\/brain-rdc.org\/index.php\/wp-json\/wp\/v2\/users\/1"}],"replies":[{"embeddable":true,"href":"https:\/\/brain-rdc.org\/index.php\/wp-json\/wp\/v2\/comments?post=634"}],"version-history":[{"count":118,"href":"https:\/\/brain-rdc.org\/index.php\/wp-json\/wp\/v2\/pages\/634\/revisions"}],"predecessor-version":[{"id":1655,"href":"https:\/\/brain-rdc.org\/index.php\/wp-json\/wp\/v2\/pages\/634\/revisions\/1655"}],"wp:attachment":[{"href":"https:\/\/brain-rdc.org\/index.php\/wp-json\/wp\/v2\/media?parent=634"}],"curies":[{"name":"wp","href":"https:\/\/api.w.org\/{rel}","templated":true}]}}