{"id":795,"date":"2023-10-16T14:53:07","date_gmt":"2023-10-16T14:53:07","guid":{"rendered":"https:\/\/brain-rdc.org\/?page_id=795"},"modified":"2024-07-29T06:53:07","modified_gmt":"2024-07-29T06:53:07","slug":"publication","status":"publish","type":"page","link":"https:\/\/brain-rdc.org\/index.php\/publication\/","title":{"rendered":"Publication"},"content":{"rendered":"\t\t<div data-elementor-type=\"wp-page\" data-elementor-id=\"795\" class=\"elementor elementor-795\">\n\t\t\t\t\t\t<section class=\"elementor-section elementor-top-section elementor-element elementor-element-2e3e331e elementor-section-full_width elementor-section-height-default elementor-section-height-default wpr-particle-no wpr-jarallax-no wpr-parallax-no wpr-sticky-section-no\" data-id=\"2e3e331e\" data-element_type=\"section\" data-e-type=\"section\">\n\t\t\t\t\t\t<div class=\"elementor-container elementor-column-gap-default\">\n\t\t\t\t\t<div class=\"elementor-column elementor-col-100 elementor-top-column elementor-element elementor-element-2519ba90\" data-id=\"2519ba90\" data-element_type=\"column\" data-e-type=\"column\">\n\t\t\t<div class=\"elementor-widget-wrap\">\n\t\t\t\t\t\t\t<\/div>\n\t\t<\/div>\n\t\t\t\t\t<\/div>\n\t\t<\/section>\n\t\t\t\t<section class=\"elementor-section elementor-top-section elementor-element elementor-element-b2b9d4b elementor-section-boxed elementor-section-height-default elementor-section-height-default wpr-particle-no wpr-jarallax-no wpr-parallax-no wpr-sticky-section-no\" data-id=\"b2b9d4b\" data-element_type=\"section\" data-e-type=\"section\" id=\"xs_blog_sort_an_full_grid\" data-settings=\"{&quot;background_background&quot;:&quot;classic&quot;}\">\n\t\t\t\t\t\t<div class=\"elementor-container elementor-column-gap-default\">\n\t\t\t\t\t<div class=\"elementor-column elementor-col-100 elementor-top-column elementor-element elementor-element-784d02f0\" data-id=\"784d02f0\" data-element_type=\"column\" data-e-type=\"column\" data-settings=\"{&quot;background_background&quot;:&quot;classic&quot;}\">\n\t\t\t<div class=\"elementor-widget-wrap\">\n\t\t\t\t\t\t\t<\/div>\n\t\t<\/div>\n\t\t\t\t\t<\/div>\n\t\t<\/section>\n\t\t\t\t<\/div>\n\t\t","protected":false},"excerpt":{"rendered":"<p>Les derni\u00e8res publications admin octobre 16, 2023 Uncategorized RAPPORT DE L\u2019ENQUETE SUR LES EXTERNALITES DES ENTREPRISES MINIERES DANS LA PROVINCE DU HAUT KATANGA. L\u2019objectif de ladite enqu\u00eate s\u2019inscrit dans les dispositions l\u00e9gales, sp\u00e9cialement l\u2019article 285 de la loi n\u00b018\/001 du 09 mars 2018 modifiant et compl\u00e9tant la loi n\u00b0007\/2002 du 11 juillet 2002 portant code minier.\u00a0 Dans la pr\u00e9sente enqu\u00eate, il est question de v\u00e9rifier deux externalit\u00e9s, \u00e0 savoir\u00a0: l\u2019engagement social des entreprises\u2026<\/p>\n","protected":false},"author":1,"featured_media":0,"parent":0,"menu_order":0,"comment_status":"closed","ping_status":"closed","template":"elementor_header_footer","meta":{"footnotes":""},"class_list":["post-795","page","type-page","status-publish","hentry"],"_links":{"self":[{"href":"https:\/\/brain-rdc.org\/index.php\/wp-json\/wp\/v2\/pages\/795","targetHints":{"allow":["GET"]}}],"collection":[{"href":"https:\/\/brain-rdc.org\/index.php\/wp-json\/wp\/v2\/pages"}],"about":[{"href":"https:\/\/brain-rdc.org\/index.php\/wp-json\/wp\/v2\/types\/page"}],"author":[{"embeddable":true,"href":"https:\/\/brain-rdc.org\/index.php\/wp-json\/wp\/v2\/users\/1"}],"replies":[{"embeddable":true,"href":"https:\/\/brain-rdc.org\/index.php\/wp-json\/wp\/v2\/comments?post=795"}],"version-history":[{"count":25,"href":"https:\/\/brain-rdc.org\/index.php\/wp-json\/wp\/v2\/pages\/795\/revisions"}],"predecessor-version":[{"id":1678,"href":"https:\/\/brain-rdc.org\/index.php\/wp-json\/wp\/v2\/pages\/795\/revisions\/1678"}],"wp:attachment":[{"href":"https:\/\/brain-rdc.org\/index.php\/wp-json\/wp\/v2\/media?parent=795"}],"curies":[{"name":"wp","href":"https:\/\/api.w.org\/{rel}","templated":true}]}}